{"id":15,"date":"2025-02-19T10:36:05","date_gmt":"2025-02-19T09:36:05","guid":{"rendered":"http:\/\/mk-fireworks.at\/?page_id=15"},"modified":"2026-02-04T14:14:26","modified_gmt":"2026-02-04T13:14:26","slug":"home","status":"publish","type":"page","link":"https:\/\/mk-fireworks.at\/","title":{"rendered":"HOME"},"content":{"rendered":"\t\t<div data-elementor-type=\"wp-page\" data-elementor-id=\"15\" class=\"elementor elementor-15\">\n\t\t\t\t\t\t<section class=\"elementor-section elementor-top-section elementor-element elementor-element-30b5acaf elementor-section-height-min-height elementor-section-items-stretch elementor-section-boxed elementor-section-height-default\" data-id=\"30b5acaf\" data-element_type=\"section\" data-e-type=\"section\" data-settings=\"{&quot;background_background&quot;:&quot;slideshow&quot;,&quot;background_slideshow_gallery&quot;:[{&quot;id&quot;:&quot;771&quot;,&quot;url&quot;:&quot;http:\\\/\\\/mk-fireworks.at\\\/wp-content\\\/uploads\\\/2025\\\/10\\\/pexels-designecologist-2526105-scaled-e1759317985182.jpg&quot;},{&quot;id&quot;:&quot;773&quot;,&quot;url&quot;:&quot;http:\\\/\\\/mk-fireworks.at\\\/wp-content\\\/uploads\\\/2025\\\/10\\\/pexels-marek-piwnicki-3907296-15057981-scaled-e1759318102980.jpg&quot;},{&quot;id&quot;:&quot;1039&quot;,&quot;url&quot;:&quot;http:\\\/\\\/mk-fireworks.at\\\/wp-content\\\/uploads\\\/2025\\\/10\\\/fwstand-e1761116360608.jpg&quot;},{&quot;id&quot;:&quot;774&quot;,&quot;url&quot;:&quot;http:\\\/\\\/mk-fireworks.at\\\/wp-content\\\/uploads\\\/2025\\\/10\\\/pexels-wojciech-marciniak-254298-774166-scaled-e1759318333465.jpg&quot;}],&quot;background_slideshow_ken_burns&quot;:&quot;yes&quot;,&quot;background_slideshow_slide_transition&quot;:&quot;slide_left&quot;,&quot;background_slideshow_loop&quot;:&quot;yes&quot;,&quot;background_slideshow_slide_duration&quot;:5000,&quot;background_slideshow_transition_duration&quot;:500,&quot;background_slideshow_ken_burns_zoom_direction&quot;:&quot;in&quot;}\">\n\t\t\t\t\t\t\t<div class=\"elementor-background-overlay\"><\/div>\n\t\t\t\t\t\t\t<div class=\"elementor-container elementor-column-gap-no\">\n\t\t\t\t\t<div class=\"elementor-column elementor-col-100 elementor-top-column elementor-element elementor-element-43f74680\" data-id=\"43f74680\" data-element_type=\"column\" data-e-type=\"column\">\n\t\t\t<div class=\"elementor-widget-wrap elementor-element-populated\">\n\t\t\t\t\t\t<div class=\"elementor-element elementor-element-7118fc76 elementor-widget elementor-widget-heading\" data-id=\"7118fc76\" data-element_type=\"widget\" data-e-type=\"widget\" data-widget_type=\"heading.default\">\n\t\t\t\t<div class=\"elementor-widget-container\">\n\t\t\t\t\t<h4 class=\"elementor-heading-title elementor-size-default\">MK - Fireworks Vorau<\/h4>\t\t\t\t<\/div>\n\t\t\t\t<\/div>\n\t\t\t\t<section class=\"elementor-section elementor-inner-section elementor-element elementor-element-1fba4161 animated-slow elementor-section-boxed elementor-section-height-default elementor-section-height-default elementor-invisible\" data-id=\"1fba4161\" data-element_type=\"section\" data-e-type=\"section\" id=\"welcome\" data-settings=\"{&quot;animation&quot;:&quot;fadeIn&quot;,&quot;animation_delay&quot;:&quot;300&quot;}\">\n\t\t\t\t\t\t<div class=\"elementor-container elementor-column-gap-default\">\n\t\t\t\t\t<div class=\"elementor-column elementor-col-100 elementor-inner-column elementor-element elementor-element-7fc7f5cd\" data-id=\"7fc7f5cd\" data-element_type=\"column\" data-e-type=\"column\" data-settings=\"{&quot;background_background&quot;:&quot;classic&quot;}\">\n\t\t\t<div class=\"elementor-widget-wrap elementor-element-populated\">\n\t\t\t\t\t\t<div class=\"elementor-element elementor-element-71e63668 elementor-widget elementor-widget-text-editor\" data-id=\"71e63668\" data-element_type=\"widget\" data-e-type=\"widget\" data-widget_type=\"text-editor.default\">\n\t\t\t\t<div class=\"elementor-widget-container\">\n\t\t\t\t\t\t\t\t\t<p><strong>Ihr Feuerwerksprofi aus der Oststeiermark<\/strong><\/p>\t\t\t\t\t\t\t\t<\/div>\n\t\t\t\t<\/div>\n\t\t\t\t\t<\/div>\n\t\t<\/div>\n\t\t\t\t\t<\/div>\n\t\t<\/section>\n\t\t\t\t<div class=\"elementor-element elementor-element-796ca8a6 elementor-align-center elementor-widget elementor-widget-button\" data-id=\"796ca8a6\" data-element_type=\"widget\" data-e-type=\"widget\" data-widget_type=\"button.default\">\n\t\t\t\t<div class=\"elementor-widget-container\">\n\t\t\t\t\t\t\t\t\t<div class=\"elementor-button-wrapper\">\n\t\t\t\t\t<a class=\"elementor-button elementor-button-link elementor-size-md\" href=\"https:\/\/mk-fireworks.at\/?product_cat=batterien\">\n\t\t\t\t\t\t<span class=\"elementor-button-content-wrapper\">\n\t\t\t\t\t\t\t\t\t<span class=\"elementor-button-text\">Besuchen Sie unseren Shop<\/span>\n\t\t\t\t\t<\/span>\n\t\t\t\t\t<\/a>\n\t\t\t\t<\/div>\n\t\t\t\t\t\t\t\t<\/div>\n\t\t\t\t<\/div>\n\t\t\t\t<div class=\"elementor-element elementor-element-6b01d71f envato-kit-97-down-arrow animated-slow elementor-view-default elementor-invisible elementor-widget elementor-widget-icon\" data-id=\"6b01d71f\" data-element_type=\"widget\" data-e-type=\"widget\" data-settings=\"{&quot;_animation&quot;:&quot;fadeInDown&quot;,&quot;_animation_delay&quot;:&quot;1200&quot;}\" data-widget_type=\"icon.default\">\n\t\t\t\t<div class=\"elementor-widget-container\">\n\t\t\t\t\t\t\t<div class=\"elementor-icon-wrapper\">\n\t\t\t<a class=\"elementor-icon\" href=\"#welcome\">\n\t\t\t<svg aria-hidden=\"true\" class=\"e-font-icon-svg e-fas-arrow-down\" viewBox=\"0 0 448 512\" xmlns=\"http:\/\/www.w3.org\/2000\/svg\"><path d=\"M413.1 222.5l22.2 22.2c9.4 9.4 9.4 24.6 0 33.9L241 473c-9.4 9.4-24.6 9.4-33.9 0L12.7 278.6c-9.4-9.4-9.4-24.6 0-33.9l22.2-22.2c9.5-9.5 25-9.3 34.3.4L184 343.4V56c0-13.3 10.7-24 24-24h32c13.3 0 24 10.7 24 24v287.4l114.8-120.5c9.3-9.8 24.8-10 34.3-.4z\"><\/path><\/svg>\t\t\t<\/a>\n\t\t<\/div>\n\t\t\t\t\t\t<\/div>\n\t\t\t\t<\/div>\n\t\t\t\t\t<\/div>\n\t\t<\/div>\n\t\t\t\t\t<\/div>\n\t\t<\/section>\n\t\t<div class=\"elementor-element elementor-element-2fa30e9 e-flex e-con-boxed e-con e-parent\" data-id=\"2fa30e9\" data-element_type=\"container\" data-e-type=\"container\">\n\t\t\t\t\t<div class=\"e-con-inner\">\n\t\t\t\t<div class=\"elementor-element elementor-element-a8dd226 elementor-widget elementor-widget-text-editor\" data-id=\"a8dd226\" data-element_type=\"widget\" data-e-type=\"widget\" data-widget_type=\"text-editor.default\">\n\t\t\t\t<div class=\"elementor-widget-container\">\n\t\t\t\t\t\t\t\t\t<p><strong style=\"color: #e3000f;font-size: 32px\" data-start=\"107\" data-end=\"147\">Ganzj\u00e4hriger Feuerwerksverkauf<\/strong><\/p><p><strong style=\"color: #000000;font-size: 20px\" data-start=\"107\" data-end=\"147\">&#8230;denn magische Momente kennen keine Saison.<\/strong><\/p><p>Bei uns findest du <strong>Feuerwerk das ganze Jahr<\/strong> \u2013 perfekt f\u00fcr <strong>Hochzeiten, Geburtstage, Firmenfeiern<\/strong> und <strong>besondere Events.<\/strong><\/p><p>\u2728 <strong data-start=\"375\" data-end=\"428\">Highlights setzen mit Feuerwerk, Rauch &amp; Bengalos<\/strong><br data-start=\"428\" data-end=\"431\" \/>\ud83c\udf89 F\u00fcr private Feiern &amp; professionelle Veranstaltungen<br data-start=\"485\" data-end=\"488\" \/>\ud83d\udca5 Gro\u00dfe Auswahl, gepr\u00fcfte Qualit\u00e4t, sofort verf\u00fcgbar<\/p>\t\t\t\t\t\t\t\t<\/div>\n\t\t\t\t<\/div>\n\t\t\t\t\t<\/div>\n\t\t\t\t<\/div>\n\t\t<div class=\"elementor-element elementor-element-b7b5b1c elementor-hidden-desktop elementor-hidden-tablet elementor-hidden-mobile e-flex e-con-boxed e-con e-parent\" data-id=\"b7b5b1c\" data-element_type=\"container\" data-e-type=\"container\">\n\t\t\t\t\t<div class=\"e-con-inner\">\n\t\t\t\t<div class=\"elementor-element elementor-element-e256eef elementor-hidden-desktop elementor-hidden-tablet elementor-hidden-mobile elementor-widget elementor-widget-text-editor\" data-id=\"e256eef\" data-element_type=\"widget\" data-e-type=\"widget\" data-widget_type=\"text-editor.default\">\n\t\t\t\t<div class=\"elementor-widget-container\">\n\t\t\t\t\t\t\t\t\t<p><strong style=\"color: #000000;font-size: 32px\" data-start=\"107\" data-end=\"147\">Feuerwerksstand 2025<br \/>27. &#8211; 31.12.2025<\/strong><br \/><strong style=\"color: #000000;font-size: 23px\" data-start=\"107\" data-end=\"147\">Parkplatz Spar-Schlagl, Hauptstra\u00dfe 441, 8250 Vorau<br \/><\/strong><br \/><strong style=\"color: #e3000f;font-size: 23px\" data-start=\"107\" data-end=\"147\"><a href=\"http:\/\/mk-fireworks.at\/wp-content\/uploads\/2025\/11\/Feuerwerk_2025_Verkaufsstand.pdf\" target=\"_blank\" rel=\"noopener\">&#8212;&gt; Flyer downloaden &lt;&#8212;<\/a><\/strong><\/p>\t\t\t\t\t\t\t\t<\/div>\n\t\t\t\t<\/div>\n\t\t\t\t\t<\/div>\n\t\t\t\t<\/div>\n\t\t<div class=\"elementor-element elementor-element-a9d33f4 e-flex e-con-boxed e-con e-parent\" data-id=\"a9d33f4\" data-element_type=\"container\" data-e-type=\"container\">\n\t\t\t\t\t<div class=\"e-con-inner\">\n\t\t\t\t<div class=\"elementor-element elementor-element-dcf5aa4 elementor-widget-divider--view-line elementor-widget elementor-widget-divider\" data-id=\"dcf5aa4\" data-element_type=\"widget\" data-e-type=\"widget\" data-widget_type=\"divider.default\">\n\t\t\t\t<div class=\"elementor-widget-container\">\n\t\t\t\t\t\t\t<div class=\"elementor-divider\">\n\t\t\t<span class=\"elementor-divider-separator\">\n\t\t\t\t\t\t<\/span>\n\t\t<\/div>\n\t\t\t\t\t\t<\/div>\n\t\t\t\t<\/div>\n\t\t\t\t\t<\/div>\n\t\t\t\t<\/div>\n\t\t<div class=\"elementor-element elementor-element-4323f18 e-flex e-con-boxed e-con e-parent\" data-id=\"4323f18\" data-element_type=\"container\" data-e-type=\"container\">\n\t\t\t\t\t<div class=\"e-con-inner\">\n\t\t\t\t<div class=\"elementor-element elementor-element-a739eb0 elementor-widget elementor-widget-text-editor\" data-id=\"a739eb0\" data-element_type=\"widget\" data-e-type=\"widget\" data-widget_type=\"text-editor.default\">\n\t\t\t\t<div class=\"elementor-widget-container\">\n\t\t\t\t\t\t\t\t\t<h1>Entdecke unsere Kategorien im <span style=\"text-decoration: underline\"><a href=\"https:\/\/mk-fireworks.at\/?product_cat=batterien\">Onlineshop<\/a><\/span> und finde dein Lieblingsprodukt.<\/h1>\t\t\t\t\t\t\t\t<\/div>\n\t\t\t\t<\/div>\n\t\t\t\t<div class=\"elementor-element elementor-element-0cfa794 elementor-widget elementor-widget-shortcode\" data-id=\"0cfa794\" data-element_type=\"widget\" data-e-type=\"widget\" data-widget_type=\"shortcode.default\">\n\t\t\t\t<div class=\"elementor-widget-container\">\n\t\t\t\t\t\t\t<div class=\"elementor-shortcode\"><div class=\"woocommerce columns-4\">\r\n<ul class=\"products oceanwp-row clr grid tablet-col tablet-2-col mobile-col mobile-2-col infinite-scroll-wrap\">\r\n<li class=\"product-category product first col span_1_of_4\">\n\t<a aria-label=\"Produktkategorie Batteriefeuerwerke besuchen\" href=\"https:\/\/mk-fireworks.at\/?product_cat=batterien\"><div class=\"product-inner clr\"><div class=\"woo-entry-image clr\"><a href=\"https:\/\/mk-fireworks.at\/?product_cat=batterien\"><img fetchpriority=\"high\" decoding=\"async\" src=\"https:\/\/mk-fireworks.at\/wp-content\/uploads\/2025\/10\/batteriefeuerwerke-ohne.jpg\" alt=\"Batteriefeuerwerke\" width=\"300\" height=\"300\" \/><\/a><\/div><div class=\"woo-entry-inner clr\"><a href=\"https:\/\/mk-fireworks.at\/?product_cat=batterien\">\t\t<h2 class=\"woocommerce-loop-category__title\">\n\t\t\tBatteriefeuerwerke <mark class=\"count\">(23)<\/mark>\t\t<\/h2>\n\t\t<\/a><\/div><\/div><\/a><\/li>\n<li class=\"product-category product col span_1_of_4\">\n\t<a aria-label=\"Produktkategorie Bengalos \/ Rauch besuchen\" href=\"https:\/\/mk-fireworks.at\/?product_cat=rauch_bengalen\"><div class=\"product-inner clr\"><div class=\"woo-entry-image clr\"><a href=\"https:\/\/mk-fireworks.at\/?product_cat=rauch_bengalen\"><img decoding=\"async\" src=\"https:\/\/mk-fireworks.at\/wp-content\/uploads\/2025\/10\/bengalos-rauch-ohne.jpg\" alt=\"Bengalos \/ Rauch\" width=\"300\" height=\"300\" \/><\/a><\/div><div class=\"woo-entry-inner clr\"><a href=\"https:\/\/mk-fireworks.at\/?product_cat=rauch_bengalen\">\t\t<h2 class=\"woocommerce-loop-category__title\">\n\t\t\tBengalos \/ Rauch <mark class=\"count\">(14)<\/mark>\t\t<\/h2>\n\t\t<\/a><\/div><\/div><\/a><\/li>\n<li class=\"product-category product col span_1_of_4\">\n\t<a aria-label=\"Produktkategorie Boden-Leuchteffekte besuchen\" href=\"https:\/\/mk-fireworks.at\/?product_cat=boden-leuchteffekte\"><div class=\"product-inner clr\"><div class=\"woo-entry-image clr\"><a href=\"https:\/\/mk-fireworks.at\/?product_cat=boden-leuchteffekte\"><img decoding=\"async\" src=\"https:\/\/mk-fireworks.at\/wp-content\/uploads\/2025\/10\/leuchtfeuerwerk-ohne.jpg\" alt=\"Boden-Leuchteffekte\" width=\"300\" height=\"300\" \/><\/a><\/div><div class=\"woo-entry-inner clr\"><a href=\"https:\/\/mk-fireworks.at\/?product_cat=boden-leuchteffekte\">\t\t<h2 class=\"woocommerce-loop-category__title\">\n\t\t\tBoden-Leuchteffekte <mark class=\"count\">(11)<\/mark>\t\t<\/h2>\n\t\t<\/a><\/div><\/div><\/a><\/li>\n<li class=\"product-category product last col span_1_of_4\">\n\t<a aria-label=\"Produktkategorie Familien- &amp; Jugendsortimente besuchen\" href=\"https:\/\/mk-fireworks.at\/?product_cat=familien-jugendsortimente\"><div class=\"product-inner clr\"><div class=\"woo-entry-image clr\"><a href=\"https:\/\/mk-fireworks.at\/?product_cat=familien-jugendsortimente\"><img loading=\"lazy\" decoding=\"async\" src=\"https:\/\/mk-fireworks.at\/wp-content\/uploads\/2025\/10\/familiensortiment-ohne.jpg\" alt=\"Familien- &amp; Jugendsortimente\" width=\"300\" height=\"300\" \/><\/a><\/div><div class=\"woo-entry-inner clr\"><a href=\"https:\/\/mk-fireworks.at\/?product_cat=familien-jugendsortimente\">\t\t<h2 class=\"woocommerce-loop-category__title\">\n\t\t\tFamilien- &amp; Jugendsortimente <mark class=\"count\">(9)<\/mark>\t\t<\/h2>\n\t\t<\/a><\/div><\/div><\/a><\/li>\n<li class=\"product-category product first col span_1_of_4\">\n\t<a aria-label=\"Produktkategorie Knallk\u00f6rper besuchen\" href=\"https:\/\/mk-fireworks.at\/?product_cat=knallkoerper\"><div class=\"product-inner clr\"><div class=\"woo-entry-image clr\"><a href=\"https:\/\/mk-fireworks.at\/?product_cat=knallkoerper\"><img loading=\"lazy\" decoding=\"async\" src=\"https:\/\/mk-fireworks.at\/wp-content\/uploads\/2025\/10\/knallkoerper-ohne.jpg\" alt=\"Knallk\u00f6rper\" width=\"300\" height=\"300\" \/><\/a><\/div><div class=\"woo-entry-inner clr\"><a href=\"https:\/\/mk-fireworks.at\/?product_cat=knallkoerper\">\t\t<h2 class=\"woocommerce-loop-category__title\">\n\t\t\tKnallk\u00f6rper <mark class=\"count\">(6)<\/mark>\t\t<\/h2>\n\t\t<\/a><\/div><\/div><\/a><\/li>\n<li class=\"product-category product col span_1_of_4\">\n\t<a aria-label=\"Produktkategorie Raketensortimente besuchen\" href=\"https:\/\/mk-fireworks.at\/?product_cat=raketen\"><div class=\"product-inner clr\"><div class=\"woo-entry-image clr\"><a href=\"https:\/\/mk-fireworks.at\/?product_cat=raketen\"><img loading=\"lazy\" decoding=\"async\" src=\"https:\/\/mk-fireworks.at\/wp-content\/uploads\/2025\/10\/raktensortimente-ohne.jpg\" alt=\"Raketensortimente\" width=\"300\" height=\"300\" \/><\/a><\/div><div class=\"woo-entry-inner clr\"><a href=\"https:\/\/mk-fireworks.at\/?product_cat=raketen\">\t\t<h2 class=\"woocommerce-loop-category__title\">\n\t\t\tRaketensortimente <mark class=\"count\">(7)<\/mark>\t\t<\/h2>\n\t\t<\/a><\/div><\/div><\/a><\/li>\n<li class=\"product-category product col span_1_of_4\">\n\t<a aria-label=\"Produktkategorie Stuff &amp; Merchandise besuchen\" href=\"https:\/\/mk-fireworks.at\/?product_cat=stuff-merchandise\"><div class=\"product-inner clr\"><div class=\"woo-entry-image clr\"><a href=\"https:\/\/mk-fireworks.at\/?product_cat=stuff-merchandise\"><img loading=\"lazy\" decoding=\"async\" src=\"https:\/\/mk-fireworks.at\/wp-content\/uploads\/2025\/10\/stuff-merchandise-ohne.jpg\" alt=\"Stuff &amp; Merchandise\" width=\"300\" height=\"300\" \/><\/a><\/div><div class=\"woo-entry-inner clr\"><a href=\"https:\/\/mk-fireworks.at\/?product_cat=stuff-merchandise\">\t\t<h2 class=\"woocommerce-loop-category__title\">\n\t\t\tStuff &amp; Merchandise <mark class=\"count\">(1)<\/mark>\t\t<\/h2>\n\t\t<\/a><\/div><\/div><\/a><\/li>\n<li class=\"product-category product last col span_1_of_4\">\n\t<a aria-label=\"Produktkategorie Verbundbatterie besuchen\" href=\"https:\/\/mk-fireworks.at\/?product_cat=verbundbatterie\"><div class=\"product-inner clr\"><div class=\"woo-entry-image clr\"><a href=\"https:\/\/mk-fireworks.at\/?product_cat=verbundbatterie\"><img loading=\"lazy\" decoding=\"async\" src=\"https:\/\/mk-fireworks.at\/wp-content\/uploads\/2025\/10\/verbundbatterie-ohne.jpg\" alt=\"Verbundbatterie\" width=\"300\" height=\"300\" \/><\/a><\/div><div class=\"woo-entry-inner clr\"><a href=\"https:\/\/mk-fireworks.at\/?product_cat=verbundbatterie\">\t\t<h2 class=\"woocommerce-loop-category__title\">\n\t\t\tVerbundbatterie <mark class=\"count\">(10)<\/mark>\t\t<\/h2>\n\t\t<\/a><\/div><\/div><\/a><\/li>\n<li class=\"product-category product first col span_1_of_4\">\n\t<a aria-label=\"Produktkategorie Zubeh\u00f6r besuchen\" href=\"https:\/\/mk-fireworks.at\/?product_cat=zubehoer\"><div class=\"product-inner clr\"><div class=\"woo-entry-image clr\"><a href=\"https:\/\/mk-fireworks.at\/?product_cat=zubehoer\"><img loading=\"lazy\" decoding=\"async\" src=\"https:\/\/mk-fireworks.at\/wp-content\/uploads\/2025\/10\/zubehoer.jpg\" alt=\"Zubeh\u00f6r\" width=\"300\" height=\"300\" \/><\/a><\/div><div class=\"woo-entry-inner clr\"><a href=\"https:\/\/mk-fireworks.at\/?product_cat=zubehoer\">\t\t<h2 class=\"woocommerce-loop-category__title\">\n\t\t\tZubeh\u00f6r <mark class=\"count\">(8)<\/mark>\t\t<\/h2>\n\t\t<\/a><\/div><\/div><\/a><\/li>\n<\/ul>\n<\/div><\/div>\n\t\t\t\t\t\t<\/div>\n\t\t\t\t<\/div>\n\t\t\t\t\t<\/div>\n\t\t\t\t<\/div>\n\t\t\t\t<\/div>\n\t\t","protected":false},"excerpt":{"rendered":"<p>MK &#8211; Fireworks Vorau Ihr Feuerwerksprofi aus der Oststeiermark Besuchen Sie unseren Shop Ganzj\u00e4hriger Feuerwerksverkauf &#8230;denn magische Momente kennen keine Saison. Bei uns findest du Feuerwerk das ganze Jahr \u2013 perfekt f\u00fcr Hochzeiten, Geburtstage, Firmenfeiern und besondere Events. \u2728 Highlights setzen mit Feuerwerk, Rauch &amp; Bengalos\ud83c\udf89 F\u00fcr private Feiern &amp; professionelle Veranstaltungen\ud83d\udca5 Gro\u00dfe Auswahl, gepr\u00fcfte [&hellip;]<\/p>\n","protected":false},"author":1,"featured_media":0,"parent":0,"menu_order":0,"comment_status":"closed","ping_status":"closed","template":"","meta":{"ocean_post_layout":"full-screen","ocean_both_sidebars_style":"","ocean_both_sidebars_content_width":0,"ocean_both_sidebars_sidebars_width":0,"ocean_sidebar":"","ocean_second_sidebar":"","ocean_disable_margins":"enable","ocean_add_body_class":"","ocean_shortcode_before_top_bar":"","ocean_shortcode_after_top_bar":"","ocean_shortcode_before_header":"","ocean_shortcode_after_header":"","ocean_has_shortcode":"","ocean_shortcode_after_title":"","ocean_shortcode_before_footer_widgets":"","ocean_shortcode_after_footer_widgets":"","ocean_shortcode_before_footer_bottom":"","ocean_shortcode_after_footer_bottom":"","ocean_display_top_bar":"off","ocean_display_header":"default","ocean_header_style":"","ocean_center_header_left_menu":"","ocean_custom_header_template":"","ocean_custom_logo":0,"ocean_custom_retina_logo":0,"ocean_custom_logo_max_width":0,"ocean_custom_logo_tablet_max_width":0,"ocean_custom_logo_mobile_max_width":0,"ocean_custom_logo_max_height":0,"ocean_custom_logo_tablet_max_height":0,"ocean_custom_logo_mobile_max_height":0,"ocean_header_custom_menu":"","ocean_menu_typo_font_family":"","ocean_menu_typo_font_subset":"","ocean_menu_typo_font_size":0,"ocean_menu_typo_font_size_tablet":0,"ocean_menu_typo_font_size_mobile":0,"ocean_menu_typo_font_size_unit":"px","ocean_menu_typo_font_weight":"","ocean_menu_typo_font_weight_tablet":"","ocean_menu_typo_font_weight_mobile":"","ocean_menu_typo_transform":"","ocean_menu_typo_transform_tablet":"","ocean_menu_typo_transform_mobile":"","ocean_menu_typo_line_height":0,"ocean_menu_typo_line_height_tablet":0,"ocean_menu_typo_line_height_mobile":0,"ocean_menu_typo_line_height_unit":"","ocean_menu_typo_spacing":0,"ocean_menu_typo_spacing_tablet":0,"ocean_menu_typo_spacing_mobile":0,"ocean_menu_typo_spacing_unit":"","ocean_menu_link_color":"","ocean_menu_link_color_hover":"","ocean_menu_link_color_active":"","ocean_menu_link_background":"","ocean_menu_link_hover_background":"","ocean_menu_link_active_background":"","ocean_menu_social_links_bg":"","ocean_menu_social_hover_links_bg":"","ocean_menu_social_links_color":"","ocean_menu_social_hover_links_color":"","ocean_disable_title":"on","ocean_disable_heading":"default","ocean_post_title":"","ocean_post_subheading":"","ocean_post_title_style":"","ocean_post_title_background_color":"","ocean_post_title_background":0,"ocean_post_title_bg_image_position":"","ocean_post_title_bg_image_attachment":"","ocean_post_title_bg_image_repeat":"","ocean_post_title_bg_image_size":"","ocean_post_title_height":0,"ocean_post_title_bg_overlay":0.5,"ocean_post_title_bg_overlay_color":"","ocean_disable_breadcrumbs":"default","ocean_breadcrumbs_color":"","ocean_breadcrumbs_separator_color":"","ocean_breadcrumbs_links_color":"","ocean_breadcrumbs_links_hover_color":"","ocean_display_footer_widgets":"default","ocean_display_footer_bottom":"default","ocean_custom_footer_template":"","footnotes":""},"class_list":["post-15","page","type-page","status-publish","hentry","entry","owp-thumbs-layout-horizontal","owp-btn-normal","owp-tabs-layout-horizontal","has-no-thumbnails","has-product-nav"],"jetpack_sharing_enabled":true,"_links":{"self":[{"href":"https:\/\/mk-fireworks.at\/index.php?rest_route=\/wp\/v2\/pages\/15","targetHints":{"allow":["GET"]}}],"collection":[{"href":"https:\/\/mk-fireworks.at\/index.php?rest_route=\/wp\/v2\/pages"}],"about":[{"href":"https:\/\/mk-fireworks.at\/index.php?rest_route=\/wp\/v2\/types\/page"}],"author":[{"embeddable":true,"href":"https:\/\/mk-fireworks.at\/index.php?rest_route=\/wp\/v2\/users\/1"}],"replies":[{"embeddable":true,"href":"https:\/\/mk-fireworks.at\/index.php?rest_route=%2Fwp%2Fv2%2Fcomments&post=15"}],"version-history":[{"count":10,"href":"https:\/\/mk-fireworks.at\/index.php?rest_route=\/wp\/v2\/pages\/15\/revisions"}],"predecessor-version":[{"id":1246,"href":"https:\/\/mk-fireworks.at\/index.php?rest_route=\/wp\/v2\/pages\/15\/revisions\/1246"}],"wp:attachment":[{"href":"https:\/\/mk-fireworks.at\/index.php?rest_route=%2Fwp%2Fv2%2Fmedia&parent=15"}],"curies":[{"name":"wp","href":"https:\/\/api.w.org\/{rel}","templated":true}]}}