{"id":35,"date":"2025-02-19T11:27:36","date_gmt":"2025-02-19T10:27:36","guid":{"rendered":"http:\/\/mk-fireworks.at\/?page_id=35"},"modified":"2025-10-13T17:56:38","modified_gmt":"2025-10-13T15:56:38","slug":"ueber-uns","status":"publish","type":"page","link":"https:\/\/mk-fireworks.at\/?page_id=35","title":{"rendered":"\u00dcBER UNS"},"content":{"rendered":"\t\t<div data-elementor-type=\"wp-page\" data-elementor-id=\"35\" class=\"elementor elementor-35\">\n\t\t\t\t\t\t<section class=\"elementor-section elementor-top-section elementor-element elementor-element-fceadfb elementor-section-full_width elementor-section-height-default elementor-section-height-default\" data-id=\"fceadfb\" data-element_type=\"section\" data-e-type=\"section\">\n\t\t\t\t\t\t<div class=\"elementor-container elementor-column-gap-default\">\n\t\t\t\t\t<div class=\"elementor-column elementor-col-100 elementor-top-column elementor-element elementor-element-6e25544a\" data-id=\"6e25544a\" data-element_type=\"column\" data-e-type=\"column\">\n\t\t\t<div class=\"elementor-widget-wrap elementor-element-populated\">\n\t\t\t\t\t\t<div class=\"elementor-element elementor-element-1ca336c2 elementor-widget elementor-widget-spacer\" data-id=\"1ca336c2\" data-element_type=\"widget\" data-e-type=\"widget\" data-widget_type=\"spacer.default\">\n\t\t\t\t<div class=\"elementor-widget-container\">\n\t\t\t\t\t\t\t<div class=\"elementor-spacer\">\n\t\t\t<div class=\"elementor-spacer-inner\"><\/div>\n\t\t<\/div>\n\t\t\t\t\t\t<\/div>\n\t\t\t\t<\/div>\n\t\t\t\t\t<\/div>\n\t\t<\/div>\n\t\t\t\t\t<\/div>\n\t\t<\/section>\n\t\t<div class=\"elementor-element elementor-element-40c12a2 e-flex e-con-boxed e-con e-parent\" data-id=\"40c12a2\" data-element_type=\"container\" data-e-type=\"container\">\n\t\t\t\t\t<div class=\"e-con-inner\">\n\t\t\t\t<div class=\"elementor-element elementor-element-56946d9 elementor-widget elementor-widget-heading\" data-id=\"56946d9\" data-element_type=\"widget\" data-e-type=\"widget\" data-widget_type=\"heading.default\">\n\t\t\t\t<div class=\"elementor-widget-container\">\n\t\t\t\t\t<h2 class=\"elementor-heading-title elementor-size-default\">Faszination Feuerwerk \u2013 unsere Geschichte<\/h2>\t\t\t\t<\/div>\n\t\t\t\t<\/div>\n\t\t\t\t<div class=\"elementor-element elementor-element-5be3d5c elementor-widget elementor-widget-text-editor\" data-id=\"5be3d5c\" data-element_type=\"widget\" data-e-type=\"widget\" data-widget_type=\"text-editor.default\">\n\t\t\t\t<div class=\"elementor-widget-container\">\n\t\t\t\t\t\t\t\t\t<p data-start=\"265\" data-end=\"538\">Mit \u00fcber 15 Jahren Erfahrung und zahlreichen erfolgreich umgesetzten Shows und Events sind wir Ihr zuverl\u00e4ssiger Partner f\u00fcr spektakul\u00e4re Feuerwerke und hochwertige Pyrotechnik. Ob Gro\u00dfveranstaltung oder privates Highlight \u2013 wir sorgen f\u00fcr unvergessliche Momente am Himmel.<\/p><p data-start=\"540\" data-end=\"747\">Unsere Expertise steht f\u00fcr h\u00f6chste Professionalit\u00e4t, Sicherheit und Kreativit\u00e4t. Wir setzen Ihre W\u00fcnsche in atemberaubende Feuerwerks- und Pyrotechnikshows um \u2013 individuell geplant, eindrucksvoll inszeniert.<\/p><p data-start=\"749\" data-end=\"977\"><strong data-start=\"749\" data-end=\"767\">Und das Beste:<\/strong><br data-start=\"767\" data-end=\"770\" \/>In unserem <strong><a href=\"https:\/\/mk-fireworks.at\/?page_id=19\">Shop<\/a><\/strong> finden Sie auch gepr\u00fcfte Pyrotechnik f\u00fcr den privaten Gebrauch. Ob Silvester, Geburtstag oder Gartenfest \u2013 gestalten Sie Ihr eigenes kleines Feuerwerk und erleben Sie die Faszination hautnah.<\/p>\t\t\t\t\t\t\t\t<\/div>\n\t\t\t\t<\/div>\n\t\t\t\t\t<\/div>\n\t\t\t\t<\/div>\n\t\t\t\t<section class=\"elementor-section elementor-top-section elementor-element elementor-element-67773e36 elementor-section-boxed elementor-section-height-default elementor-section-height-default\" data-id=\"67773e36\" data-element_type=\"section\" data-e-type=\"section\" data-settings=\"{&quot;background_background&quot;:&quot;classic&quot;}\">\n\t\t\t\t\t\t<div class=\"elementor-container elementor-column-gap-default\">\n\t\t\t\t\t<div class=\"elementor-column elementor-col-100 elementor-top-column elementor-element elementor-element-508d6838\" data-id=\"508d6838\" data-element_type=\"column\" data-e-type=\"column\">\n\t\t\t<div class=\"elementor-widget-wrap elementor-element-populated\">\n\t\t\t\t\t\t<div class=\"elementor-element elementor-element-920ea37 animated-slow elementor-invisible elementor-widget elementor-widget-heading\" data-id=\"920ea37\" data-element_type=\"widget\" data-e-type=\"widget\" data-settings=\"{&quot;_animation&quot;:&quot;fadeIn&quot;}\" data-widget_type=\"heading.default\">\n\t\t\t\t<div class=\"elementor-widget-container\">\n\t\t\t\t\t<h1 class=\"elementor-heading-title elementor-size-default\">Mit Leidenschaft f\u00fcrs Feuerwerk \u2013 pers\u00f6nlich f\u00fcr Sie da<\/h1>\t\t\t\t<\/div>\n\t\t\t\t<\/div>\n\t\t\t\t<div class=\"elementor-element elementor-element-293e72d3 elementor-widget elementor-widget-spacer\" data-id=\"293e72d3\" data-element_type=\"widget\" data-e-type=\"widget\" data-widget_type=\"spacer.default\">\n\t\t\t\t<div class=\"elementor-widget-container\">\n\t\t\t\t\t\t\t<div class=\"elementor-spacer\">\n\t\t\t<div class=\"elementor-spacer-inner\"><\/div>\n\t\t<\/div>\n\t\t\t\t\t\t<\/div>\n\t\t\t\t<\/div>\n\t\t\t\t<section class=\"elementor-section elementor-inner-section elementor-element elementor-element-5a7e8a3e elementor-section-boxed elementor-section-height-default elementor-section-height-default\" data-id=\"5a7e8a3e\" data-element_type=\"section\" data-e-type=\"section\">\n\t\t\t\t\t\t<div class=\"elementor-container elementor-column-gap-default\">\n\t\t\t\t\t<div class=\"elementor-column elementor-col-50 elementor-inner-column elementor-element elementor-element-5639811b\" data-id=\"5639811b\" data-element_type=\"column\" data-e-type=\"column\">\n\t\t\t<div class=\"elementor-widget-wrap elementor-element-populated\">\n\t\t\t\t\t\t<div class=\"elementor-element elementor-element-3b9327c3 elementor-invisible elementor-widget elementor-widget-image\" data-id=\"3b9327c3\" data-element_type=\"widget\" data-e-type=\"widget\" data-settings=\"{&quot;_animation&quot;:&quot;fadeInUp&quot;}\" data-widget_type=\"image.default\">\n\t\t\t\t<div class=\"elementor-widget-container\">\n\t\t\t\t\t\t\t\t\t\t\t\t\t\t\t<img fetchpriority=\"high\" decoding=\"async\" width=\"600\" height=\"600\" src=\"https:\/\/mk-fireworks.at\/wp-content\/uploads\/2025\/07\/WhatsApp-Image-2024-11-18-at-09.14.02-600x600.jpeg\" class=\"attachment-ocean-thumb-m size-ocean-thumb-m wp-image-263\" alt=\"\" srcset=\"https:\/\/mk-fireworks.at\/wp-content\/uploads\/2025\/07\/WhatsApp-Image-2024-11-18-at-09.14.02-600x600.jpeg 600w, https:\/\/mk-fireworks.at\/wp-content\/uploads\/2025\/07\/WhatsApp-Image-2024-11-18-at-09.14.02-150x150.jpeg 150w, https:\/\/mk-fireworks.at\/wp-content\/uploads\/2025\/07\/WhatsApp-Image-2024-11-18-at-09.14.02-300x300.jpeg 300w, https:\/\/mk-fireworks.at\/wp-content\/uploads\/2025\/07\/WhatsApp-Image-2024-11-18-at-09.14.02-100x100.jpeg 100w\" sizes=\"(max-width: 600px) 100vw, 600px\" \/>\t\t\t\t\t\t\t\t\t\t\t\t\t\t\t<\/div>\n\t\t\t\t<\/div>\n\t\t\t\t\t<\/div>\n\t\t<\/div>\n\t\t\t\t<div class=\"elementor-column elementor-col-50 elementor-inner-column elementor-element elementor-element-a814015\" data-id=\"a814015\" data-element_type=\"column\" data-e-type=\"column\">\n\t\t\t<div class=\"elementor-widget-wrap elementor-element-populated\">\n\t\t\t\t\t\t<div class=\"elementor-element elementor-element-673e8119 elementor-invisible elementor-widget elementor-widget-text-editor\" data-id=\"673e8119\" data-element_type=\"widget\" data-e-type=\"widget\" data-settings=\"{&quot;_animation&quot;:&quot;fadeIn&quot;}\" data-widget_type=\"text-editor.default\">\n\t\t\t\t<div class=\"elementor-widget-container\">\n\t\t\t\t\t\t\t\t\t<p data-start=\"250\" data-end=\"516\">Mein Name ist <strong data-start=\"264\" data-end=\"274\">Martin Koderhold<\/strong>, verheiratet und stolzer Vater von zwei wundervollen Kindern. Hauptberuflich bin ich auch in einem IT-Unternehmen als Administrator t\u00e4tig \u2013 ein spannender Ausgleich zu meiner gro\u00dfen Leidenschaft: der <strong data-start=\"500\" data-end=\"515\">Pyrotechnik<\/strong>.<\/p>\n<p data-start=\"518\" data-end=\"847\">Feuerwerk ist f\u00fcr mich mehr als nur Licht und Knall \u2013 es ist Kunst. Ich liebe es, aus wenig sehr viel zu machen und f\u00fcr jeden Anlass eine stimmige <strong data-start=\"665\" data-end=\"688\">Feuerwerkssymphonie<\/strong> zu gestalten. Ob gro\u00dfe Show oder individuelle Beratung f\u00fcr Selbstz\u00fcnder \u2013 mein Ziel ist immer dasselbe: <strong data-start=\"793\" data-end=\"847\">Begeisterung und Zufriedenheit bei unseren Kunden.<\/strong><\/p>\n<p data-start=\"967\" data-end=\"1068\">Ich freue mich darauf, von Ihnen zu h\u00f6ren \u2013 <strong data-start=\"1011\" data-end=\"1068\">lassen Sie uns gemeinsam etwas Besonderes erschaffen!<\/strong><\/p>\t\t\t\t\t\t\t\t<\/div>\n\t\t\t\t<\/div>\n\t\t\t\t<div class=\"elementor-element elementor-element-cd821c4 elementor-widget elementor-widget-image\" data-id=\"cd821c4\" data-element_type=\"widget\" data-e-type=\"widget\" data-widget_type=\"image.default\">\n\t\t\t\t<div class=\"elementor-widget-container\">\n\t\t\t\t\t\t\t\t\t\t\t\t\t\t\t<img decoding=\"async\" width=\"290\" height=\"57\" src=\"https:\/\/mk-fireworks.at\/wp-content\/uploads\/2025\/07\/mk-sig-1.gif\" class=\"attachment-large size-large wp-image-277\" alt=\"\" \/>\t\t\t\t\t\t\t\t\t\t\t\t\t\t\t<\/div>\n\t\t\t\t<\/div>\n\t\t\t\t<div class=\"elementor-element elementor-element-14fdf59 elementor-invisible elementor-widget elementor-widget-text-editor\" data-id=\"14fdf59\" data-element_type=\"widget\" data-e-type=\"widget\" data-settings=\"{&quot;_animation&quot;:&quot;fadeIn&quot;}\" data-widget_type=\"text-editor.default\">\n\t\t\t\t<div class=\"elementor-widget-container\">\n\t\t\t\t\t\t\t\t\t<p data-start=\"250\" data-end=\"516\">Staatlich gepr\u00fcfter Pyrotechniker<\/p>\t\t\t\t\t\t\t\t<\/div>\n\t\t\t\t<\/div>\n\t\t\t\t\t<\/div>\n\t\t<\/div>\n\t\t\t\t\t<\/div>\n\t\t<\/section>\n\t\t\t\t\t<\/div>\n\t\t<\/div>\n\t\t\t\t\t<\/div>\n\t\t<\/section>\n\t\t\t\t<\/div>\n\t\t","protected":false},"excerpt":{"rendered":"<p>Faszination Feuerwerk \u2013 unsere Geschichte Mit \u00fcber 15 Jahren Erfahrung und zahlreichen erfolgreich umgesetzten Shows und Events sind wir Ihr zuverl\u00e4ssiger Partner f\u00fcr spektakul\u00e4re Feuerwerke und hochwertige Pyrotechnik. Ob Gro\u00dfveranstaltung oder privates Highlight \u2013 wir sorgen f\u00fcr unvergessliche Momente am Himmel. Unsere Expertise steht f\u00fcr h\u00f6chste Professionalit\u00e4t, Sicherheit und Kreativit\u00e4t. Wir setzen Ihre W\u00fcnsche in [&hellip;]<\/p>\n","protected":false},"author":1,"featured_media":0,"parent":0,"menu_order":0,"comment_status":"closed","ping_status":"closed","template":"","meta":{"ocean_post_layout":"full-screen","ocean_both_sidebars_style":"","ocean_both_sidebars_content_width":0,"ocean_both_sidebars_sidebars_width":0,"ocean_sidebar":"","ocean_second_sidebar":"","ocean_disable_margins":"enable","ocean_add_body_class":"","ocean_shortcode_before_top_bar":"","ocean_shortcode_after_top_bar":"","ocean_shortcode_before_header":"","ocean_shortcode_after_header":"","ocean_has_shortcode":"","ocean_shortcode_after_title":"","ocean_shortcode_before_footer_widgets":"","ocean_shortcode_after_footer_widgets":"","ocean_shortcode_before_footer_bottom":"","ocean_shortcode_after_footer_bottom":"","ocean_display_top_bar":"off","ocean_display_header":"default","ocean_header_style":"","ocean_center_header_left_menu":"","ocean_custom_header_template":"","ocean_custom_logo":0,"ocean_custom_retina_logo":0,"ocean_custom_logo_max_width":0,"ocean_custom_logo_tablet_max_width":0,"ocean_custom_logo_mobile_max_width":0,"ocean_custom_logo_max_height":0,"ocean_custom_logo_tablet_max_height":0,"ocean_custom_logo_mobile_max_height":0,"ocean_header_custom_menu":"","ocean_menu_typo_font_family":"","ocean_menu_typo_font_subset":"","ocean_menu_typo_font_size":0,"ocean_menu_typo_font_size_tablet":0,"ocean_menu_typo_font_size_mobile":0,"ocean_menu_typo_font_size_unit":"px","ocean_menu_typo_font_weight":"","ocean_menu_typo_font_weight_tablet":"","ocean_menu_typo_font_weight_mobile":"","ocean_menu_typo_transform":"","ocean_menu_typo_transform_tablet":"","ocean_menu_typo_transform_mobile":"","ocean_menu_typo_line_height":0,"ocean_menu_typo_line_height_tablet":0,"ocean_menu_typo_line_height_mobile":0,"ocean_menu_typo_line_height_unit":"","ocean_menu_typo_spacing":0,"ocean_menu_typo_spacing_tablet":0,"ocean_menu_typo_spacing_mobile":0,"ocean_menu_typo_spacing_unit":"","ocean_menu_link_color":"","ocean_menu_link_color_hover":"","ocean_menu_link_color_active":"","ocean_menu_link_background":"","ocean_menu_link_hover_background":"","ocean_menu_link_active_background":"","ocean_menu_social_links_bg":"","ocean_menu_social_hover_links_bg":"","ocean_menu_social_links_color":"","ocean_menu_social_hover_links_color":"","ocean_disable_title":"on","ocean_disable_heading":"default","ocean_post_title":"","ocean_post_subheading":"","ocean_post_title_style":"","ocean_post_title_background_color":"","ocean_post_title_background":0,"ocean_post_title_bg_image_position":"","ocean_post_title_bg_image_attachment":"","ocean_post_title_bg_image_repeat":"","ocean_post_title_bg_image_size":"","ocean_post_title_height":0,"ocean_post_title_bg_overlay":0.5,"ocean_post_title_bg_overlay_color":"","ocean_disable_breadcrumbs":"default","ocean_breadcrumbs_color":"","ocean_breadcrumbs_separator_color":"","ocean_breadcrumbs_links_color":"","ocean_breadcrumbs_links_hover_color":"","ocean_display_footer_widgets":"default","ocean_display_footer_bottom":"default","ocean_custom_footer_template":"","footnotes":""},"class_list":["post-35","page","type-page","status-publish","hentry","entry","owp-thumbs-layout-horizontal","owp-btn-normal","owp-tabs-layout-horizontal","has-no-thumbnails","has-product-nav"],"jetpack_sharing_enabled":true,"_links":{"self":[{"href":"https:\/\/mk-fireworks.at\/index.php?rest_route=\/wp\/v2\/pages\/35","targetHints":{"allow":["GET"]}}],"collection":[{"href":"https:\/\/mk-fireworks.at\/index.php?rest_route=\/wp\/v2\/pages"}],"about":[{"href":"https:\/\/mk-fireworks.at\/index.php?rest_route=\/wp\/v2\/types\/page"}],"author":[{"embeddable":true,"href":"https:\/\/mk-fireworks.at\/index.php?rest_route=\/wp\/v2\/users\/1"}],"replies":[{"embeddable":true,"href":"https:\/\/mk-fireworks.at\/index.php?rest_route=%2Fwp%2Fv2%2Fcomments&post=35"}],"version-history":[{"count":10,"href":"https:\/\/mk-fireworks.at\/index.php?rest_route=\/wp\/v2\/pages\/35\/revisions"}],"predecessor-version":[{"id":651,"href":"https:\/\/mk-fireworks.at\/index.php?rest_route=\/wp\/v2\/pages\/35\/revisions\/651"}],"wp:attachment":[{"href":"https:\/\/mk-fireworks.at\/index.php?rest_route=%2Fwp%2Fv2%2Fmedia&parent=35"}],"curies":[{"name":"wp","href":"https:\/\/api.w.org\/{rel}","templated":true}]}}