{"id":1102,"date":"2025-11-02T11:26:19","date_gmt":"2025-11-02T10:26:19","guid":{"rendered":"https:\/\/mk-fireworks.at\/?post_type=product&#038;p=1102"},"modified":"2026-04-04T10:39:20","modified_gmt":"2026-04-04T08:39:20","slug":"mr-light-2-weiss","status":"publish","type":"product","link":"https:\/\/mk-fireworks.at\/?product=mr-light-2-weiss","title":{"rendered":"MR. LIGHT 2 Weiss"},"content":{"rendered":"<p>Farbe: Wei\u00df<br \/>\nBrennzeit: ca. 1 Min.<br \/>\nPatronengewicht: 70 g<br \/>\nDurchmesser: 33 mm<br \/>\nL\u00e4nge: 180 mm<br \/>\nZ\u00fcndung: Anreibz\u00fcndung &#8211; Die dazu n\u00f6tige Reibefl\u00e4che befindet sich im unteren Deckel gleich mit dabei.<br \/>\nQualit\u00e4t made in Italy<\/p>\n<p>Bauform vom Geh\u00e4use mit abnehmbarem Handgriff aus Kunststoff, daher k\u00f6nnen Handfackeln \/ Bengalos vom Typ Mr. Light 2<br \/>\nbesonders kompakt transportiert werden und ebenfalls einfach in der Hand gehalten werden!<\/p>\n<p>Speziell f\u00fcr den Freizeit-Bereich entwickelt.<br \/>\nHervorragend bei Foto-Shootings, Partys im Freien, Fu\u00dfball etc.<\/p>\n<p>Abgabe nur an Personen \u00fcber 18 Jahren.<\/p>\n<p class=\"responsive-video-wrap clr\"><iframe title=\"Mr Light 2 - Torcia a mano bianca \/ White hand-held torch\" width=\"1200\" height=\"675\" src=\"https:\/\/www.youtube.com\/embed\/xzY4Vf2UkAA?feature=oembed\" frameborder=\"0\" allow=\"accelerometer; autoplay; clipboard-write; encrypted-media; gyroscope; picture-in-picture; web-share\" referrerpolicy=\"strict-origin-when-cross-origin\" allowfullscreen><\/iframe><\/p>\n","protected":false},"excerpt":{"rendered":"<p>Farbe: Wei\u00df Brennzeit: ca. 1 Min. Patronengewicht: 70 g Durchmesser: 33 mm L\u00e4nge: 180 mm Z\u00fcndung: Anreibz\u00fcndung &#8211; Die dazu n\u00f6tige Reibefl\u00e4che befindet sich im unteren Deckel gleich mit dabei. Qualit\u00e4t made in Italy Bauform vom Geh\u00e4use mit abnehmbarem Handgriff aus Kunststoff, daher k\u00f6nnen Handfackeln \/ Bengalos vom Typ Mr. Light 2 besonders kompakt transportiert [&hellip;]<\/p>\n","protected":false},"featured_media":1100,"comment_status":"closed","ping_status":"closed","template":"","meta":{"ocean_post_layout":"","ocean_both_sidebars_style":"","ocean_both_sidebars_content_width":0,"ocean_both_sidebars_sidebars_width":0,"ocean_sidebar":"0","ocean_second_sidebar":"0","ocean_disable_margins":"enable","ocean_add_body_class":"","ocean_shortcode_before_top_bar":"","ocean_shortcode_after_top_bar":"","ocean_shortcode_before_header":"","ocean_shortcode_after_header":"","ocean_has_shortcode":"","ocean_shortcode_after_title":"","ocean_shortcode_before_footer_widgets":"","ocean_shortcode_after_footer_widgets":"","ocean_shortcode_before_footer_bottom":"","ocean_shortcode_after_footer_bottom":"","ocean_display_top_bar":"default","ocean_display_header":"default","ocean_header_style":"","ocean_center_header_left_menu":"0","ocean_custom_header_template":"0","ocean_custom_logo":0,"ocean_custom_retina_logo":0,"ocean_custom_logo_max_width":0,"ocean_custom_logo_tablet_max_width":0,"ocean_custom_logo_mobile_max_width":0,"ocean_custom_logo_max_height":0,"ocean_custom_logo_tablet_max_height":0,"ocean_custom_logo_mobile_max_height":0,"ocean_header_custom_menu":"0","ocean_menu_typo_font_family":"0","ocean_menu_typo_font_subset":"","ocean_menu_typo_font_size":0,"ocean_menu_typo_font_size_tablet":0,"ocean_menu_typo_font_size_mobile":0,"ocean_menu_typo_font_size_unit":"px","ocean_menu_typo_font_weight":"","ocean_menu_typo_font_weight_tablet":"","ocean_menu_typo_font_weight_mobile":"","ocean_menu_typo_transform":"","ocean_menu_typo_transform_tablet":"","ocean_menu_typo_transform_mobile":"","ocean_menu_typo_line_height":0,"ocean_menu_typo_line_height_tablet":0,"ocean_menu_typo_line_height_mobile":0,"ocean_menu_typo_line_height_unit":"","ocean_menu_typo_spacing":0,"ocean_menu_typo_spacing_tablet":0,"ocean_menu_typo_spacing_mobile":0,"ocean_menu_typo_spacing_unit":"","ocean_menu_link_color":"","ocean_menu_link_color_hover":"","ocean_menu_link_color_active":"","ocean_menu_link_background":"","ocean_menu_link_hover_background":"","ocean_menu_link_active_background":"","ocean_menu_social_links_bg":"","ocean_menu_social_hover_links_bg":"","ocean_menu_social_links_color":"","ocean_menu_social_hover_links_color":"","ocean_disable_title":"default","ocean_disable_heading":"default","ocean_post_title":"","ocean_post_subheading":"","ocean_post_title_style":"","ocean_post_title_background_color":"","ocean_post_title_background":0,"ocean_post_title_bg_image_position":"","ocean_post_title_bg_image_attachment":"","ocean_post_title_bg_image_repeat":"","ocean_post_title_bg_image_size":"","ocean_post_title_height":0,"ocean_post_title_bg_overlay":0.5,"ocean_post_title_bg_overlay_color":"","ocean_disable_breadcrumbs":"default","ocean_breadcrumbs_color":"","ocean_breadcrumbs_separator_color":"","ocean_breadcrumbs_links_color":"","ocean_breadcrumbs_links_hover_color":"","ocean_display_footer_widgets":"default","ocean_display_footer_bottom":"default","ocean_custom_footer_template":"0"},"product_brand":[50],"product_cat":[42],"product_tag":[],"class_list":{"0":"post-1102","1":"product","2":"type-product","3":"status-publish","4":"has-post-thumbnail","6":"product_brand-fdf-srl","7":"product_cat-rauch_bengalen","9":"entry","10":"has-media","12":"first","13":"instock","14":"sale","15":"shipping-taxable","16":"purchasable","17":"product-type-simple","18":"has-product-nav","19":"col","20":"span_1_of_4","21":"owp-content-center","22":"item-entry","23":"owp-thumbs-layout-horizontal","24":"owp-btn-normal","25":"owp-tabs-layout-horizontal"},"jetpack_sharing_enabled":true,"_links":{"self":[{"href":"https:\/\/mk-fireworks.at\/index.php?rest_route=\/wp\/v2\/product\/1102","targetHints":{"allow":["GET"]}}],"collection":[{"href":"https:\/\/mk-fireworks.at\/index.php?rest_route=\/wp\/v2\/product"}],"about":[{"href":"https:\/\/mk-fireworks.at\/index.php?rest_route=\/wp\/v2\/types\/product"}],"replies":[{"embeddable":true,"href":"https:\/\/mk-fireworks.at\/index.php?rest_route=%2Fwp%2Fv2%2Fcomments&post=1102"}],"version-history":[{"count":1,"href":"https:\/\/mk-fireworks.at\/index.php?rest_route=\/wp\/v2\/product\/1102\/revisions"}],"predecessor-version":[{"id":1104,"href":"https:\/\/mk-fireworks.at\/index.php?rest_route=\/wp\/v2\/product\/1102\/revisions\/1104"}],"wp:featuredmedia":[{"embeddable":true,"href":"https:\/\/mk-fireworks.at\/index.php?rest_route=\/wp\/v2\/media\/1100"}],"wp:attachment":[{"href":"https:\/\/mk-fireworks.at\/index.php?rest_route=%2Fwp%2Fv2%2Fmedia&parent=1102"}],"wp:term":[{"taxonomy":"product_brand","embeddable":true,"href":"https:\/\/mk-fireworks.at\/index.php?rest_route=%2Fwp%2Fv2%2Fproduct_brand&post=1102"},{"taxonomy":"product_cat","embeddable":true,"href":"https:\/\/mk-fireworks.at\/index.php?rest_route=%2Fwp%2Fv2%2Fproduct_cat&post=1102"},{"taxonomy":"product_tag","embeddable":true,"href":"https:\/\/mk-fireworks.at\/index.php?rest_route=%2Fwp%2Fv2%2Fproduct_tag&post=1102"}],"curies":[{"name":"wp","href":"https:\/\/api.w.org\/{rel}","templated":true}]}}